{"id":20,"date":"2020-06-25T14:14:53","date_gmt":"2020-06-25T12:14:53","guid":{"rendered":"http:\/\/laveglia-portovecchio.com\/?page_id=20"},"modified":"2020-06-30T16:08:07","modified_gmt":"2020-06-30T14:08:07","slug":"contact","status":"publish","type":"page","link":"http:\/\/laveglia-portovecchio.com\/en\/contact\/","title":{"rendered":"Contact"},"content":{"rendered":"<div data-colibri-id=\"20-c1\" class=\"style-378 style-local-20-c1 position-relative\">\n  <!---->\n  <div data-colibri-component=\"section\" data-colibri-id=\"20-c2\" id=\"initial-content\" class=\"h-section h-section-global-spacing d-flex align-items-lg-center align-items-md-center align-items-center style-379 style-local-20-c2 position-relative\">\n    <!---->\n    <!---->\n    <div class=\"h-section-grid-container h-section-boxed-container\">\n      <!---->\n      <div data-colibri-id=\"20-c3\" class=\"h-row-container gutters-row-lg-2 gutters-row-md-2 gutters-row-0 gutters-row-v-lg-2 gutters-row-v-md-2 gutters-row-v-2 style-386 style-local-20-c3 position-relative\">\n        <!---->\n        <div class=\"h-row justify-content-lg-center justify-content-md-center justify-content-center align-items-lg-stretch align-items-md-stretch align-items-stretch gutters-col-lg-2 gutters-col-md-2 gutters-col-0 gutters-col-v-lg-2 gutters-col-v-md-2 gutters-col-v-2\">\n          <!---->\n          <div class=\"h-column h-column-container d-flex h-col-lg-auto h-col-md-auto h-col-auto style-387-outer style-local-20-c4-outer\">\n            <div data-colibri-id=\"20-c4\" class=\"d-flex h-flex-basis h-column__inner h-px-lg-2 h-px-md-2 h-px-2 v-inner-lg-2 v-inner-md-2 v-inner-2 style-387 style-local-20-c4 position-relative\">\n              <!---->\n              <!---->\n              <div class=\"w-100 h-y-container h-column__content h-column__v-align flex-basis-100 align-self-lg-start align-self-md-start align-self-start\">\n                <!---->\n                <div data-colibri-id=\"20-c10\" class=\"d-block style-407 style-local-20-c10 position-relative h-element\">\n                  <!---->\n                  <div class=\"h-image__frame-container-outer\">\n                    <div class=\"h-image__frame-container\">\n                      <!---->\n                      <!---->\n                      <img decoding=\"async\" loading=\"lazy\" width=\"1476\" height=\"1476\" src=\"http:\/\/laveglia-portovecchio.com\/wp-content\/uploads\/2020\/06\/cropped-Capture-d\u2019\u00e9cran-2020-06-30-\u00e0-16.03.41.png\" class=\"wp-image-592 style-407-image style-local-20-c10-image\" srcset=\"http:\/\/laveglia-portovecchio.com\/wp-content\/uploads\/2020\/06\/cropped-Capture-d\u2019\u00e9cran-2020-06-30-\u00e0-16.03.41.png 1476w, http:\/\/laveglia-portovecchio.com\/wp-content\/uploads\/2020\/06\/cropped-Capture-d\u2019\u00e9cran-2020-06-30-\u00e0-16.03.41-300x300.png 300w, http:\/\/laveglia-portovecchio.com\/wp-content\/uploads\/2020\/06\/cropped-Capture-d\u2019\u00e9cran-2020-06-30-\u00e0-16.03.41-1024x1024.png 1024w, http:\/\/laveglia-portovecchio.com\/wp-content\/uploads\/2020\/06\/cropped-Capture-d\u2019\u00e9cran-2020-06-30-\u00e0-16.03.41-150x150.png 150w, http:\/\/laveglia-portovecchio.com\/wp-content\/uploads\/2020\/06\/cropped-Capture-d\u2019\u00e9cran-2020-06-30-\u00e0-16.03.41-768x768.png 768w\" sizes=\"(max-width: 1476px) 100vw, 1476px\" alt=\"\" \/>\n                      <div class=\"h-image__frame h-hide-lg h-hide-md h-hide-sm style-407-frameImage style-local-20-c10-frameImage\"><\/div>\n                    <\/div>\n                  <\/div>\n                <\/div>\n              <\/div>\n            <\/div>\n          <\/div>\n          <div class=\"h-column h-column-container d-flex h-col-lg-auto h-col-md-auto h-col-auto style-391-outer style-local-20-c5-outer\">\n            <div data-colibri-id=\"20-c5\" class=\"d-flex h-flex-basis h-column__inner h-px-lg-2 h-px-md-2 h-px-2 v-inner-lg-2 v-inner-md-2 v-inner-2 style-391 style-local-20-c5 position-relative\">\n              <!---->\n              <!---->\n              <div class=\"w-100 h-y-container h-column__content h-column__v-align flex-basis-100 align-self-lg-start align-self-md-start align-self-start\">\n                <!---->\n                <div data-colibri-id=\"20-c6\" class=\"h-text h-text-component style-392 style-local-20-c6 position-relative h-element\">\n                  <!---->\n                  <!---->\n                  <div class=\"\">\n                    <p>\n                      <br>\n                    <\/p>\n                    <p><span style=\"font-size: 16px; font-family: &quot;Open Sans&quot;; color: rgb(153, 153, 153);\"><\/span><\/p>\n                    <p>\n                      <br>\n                    <\/p>\n                    <p>\n                      <br>\n                    <\/p>\n                    <p><span style=\"font-size: 16px; font-family: &quot;Open Sans&quot;; color: rgb(153, 153, 153);\">For more information, please contact Thomas by phone at 06 80 35 16 86 or by email at contact@laveglia-portovecchio.com. You can also use the form below:<\/span><\/p>\n                  <\/div>\n                <\/div>\n              <\/div>\n            <\/div>\n          <\/div>\n        <\/div>\n      <\/div>\n      <div data-colibri-id=\"20-c7\" class=\"h-row-container gutters-row-lg-2 gutters-row-md-2 gutters-row-0 gutters-row-v-lg-2 gutters-row-v-md-2 gutters-row-v-2 style-380 style-local-20-c7 position-relative\">\n        <!---->\n        <div class=\"h-row justify-content-lg-center justify-content-md-center justify-content-center align-items-lg-stretch align-items-md-stretch align-items-stretch gutters-col-lg-2 gutters-col-md-2 gutters-col-0 gutters-col-v-lg-2 gutters-col-v-md-2 gutters-col-v-2\">\n          <!---->\n          <div class=\"h-column h-column-container d-flex h-col-lg-auto h-col-md-auto h-col-auto style-381-outer style-local-20-c8-outer\">\n            <div data-colibri-id=\"20-c8\" class=\"d-flex h-flex-basis h-column__inner h-px-lg-2 h-px-md-2 h-px-2 v-inner-lg-2 v-inner-md-2 v-inner-2 style-381 style-local-20-c8 position-relative\">\n              <!---->\n              <!---->\n              <div class=\"w-100 h-y-container h-column__content h-column__v-align flex-basis-100 align-self-lg-start align-self-md-start align-self-start\">\n                <!---->\n                <div data-colibri-id=\"20-c11\" class=\"h-contact-form__outer--forminator position-relative h-element\">\n                  <!---->\n                  <div class=\"h-global-transition-all h-global-transition h-global-transition-all h-contact-form-shortcode--no-style\"><div class=\"forminator-ui forminator-custom-form forminator-custom-form-366 forminator-design--default  forminator_ajax\" data-forminator-render=\"0\" data-form=\"forminator-module-366\"><br\/><\/div><form\n\t\t\t\tid=\"forminator-module-366\"\n\t\t\t\tclass=\"forminator-ui forminator-custom-form forminator-custom-form-366 forminator-design--default  forminator_ajax\"\n\t\t\t\taction=\"\"\n\t\t\t\tmethod=\"post\"\n\t\t\t\tdata-forminator-render=\"0\"\n\t\t\t\tdata-form-id=\"366\"\n\t\t\t\t\n\t\t\t\tdata-design=\"default\"\n\t\t\t\t\n\t\t\t\t\n\t\t\t\t\n\t\t\t\tdata-grid=\"open\"\n\t\t\t\t\n\t\t\t\t\n\t\t\t\tstyle=\"display: none;\" data-trp-original-action=\"\"\n\t\t\t><div class=\"forminator-response-message\" aria-hidden=\"true\"><\/div><div class=\"forminator-row\"><div id=\"name-1\" class=\"forminator-col forminator-col-12\"><div class=\"forminator-row\" data-multiple=\"true\"><div class=\"forminator-col forminator-col-12\"><div class=\"forminator-field\"><label for=\"forminator-field-first-name-1\" class=\"forminator-label\">First name<\/label><input type=\"text\" name=\"name-1-first-name\" placeholder=\"Enter your first name\" id=\"forminator-field-first-name-1\" class=\"forminator-input\" aria-required=\"false\" value=\"\" \/><\/div><\/div><\/div><div class=\"forminator-row\" data-multiple=\"true\"><div class=\"forminator-col forminator-col-12\"><div class=\"forminator-field\"><label for=\"forminator-field-last-name-1\" class=\"forminator-label\">Last name<\/label><input type=\"text\" name=\"name-1-last-name\" placeholder=\"Enter your last name\" id=\"forminator-field-last-name-1\" class=\"forminator-input\" aria-required=\"false\" value=\"\" \/><\/div><\/div><\/div><\/div><\/div><div class=\"forminator-row\"><div id=\"email-1\" class=\"forminator-col forminator-col-12\"><div class=\"forminator-field\"><label for=\"forminator-field-email-1\" class=\"forminator-label\">email <span class=\"forminator-required\">*<\/span><\/label><input type=\"email\" name=\"email-1\" value=\"\" placeholder=\"Enter your email address\" id=\"forminator-field-email-1\" class=\"forminator-input forminator-email--field\" data-required=\"true\" aria-required=\"true\" \/><\/div><\/div><\/div><div class=\"forminator-row\"><div id=\"phone-1\" class=\"forminator-col forminator-col-12\"><div class=\"forminator-field\"><label for=\"forminator-field-phone-1\" class=\"forminator-label\">Phone <span class=\"forminator-required\">*<\/span><\/label><input type=\"text\" name=\"phone-1\" value=\"\" placeholder=\"Enter your phone number\" id=\"forminator-field-phone-1\" class=\"forminator-input forminator-field--phone\" data-required=\"1\" aria-required=\"true\" autocomplete=\"off\" \/><\/div><\/div><\/div><div class=\"forminator-row\"><div id=\"textarea-1\" class=\"forminator-col forminator-col-12\"><div class=\"forminator-field\"><label for=\"forminator-field-textarea-1\" class=\"forminator-label\">Message<\/label><textarea name=\"textarea-1\" placeholder=\"Enter your message\" id=\"forminator-field-textarea-1\" class=\"forminator-textarea\" height=\"50\" style=\"min-height:px;\" ><\/textarea><span class=\"forminator-description\"><span data-limit=\"180\" data-type=\"characters\">0 \/ 180<\/span><\/span><\/div><\/div><\/div><div class=\"forminator-row\"><div class=\"forminator-col\"><div id=\"submit\" class=\"forminator-field\"><button class=\"forminator-button forminator-button-submit\">Send<\/button><\/div><\/div><\/div><input type=\"hidden\" id=\"forminator_nonce\" name=\"forminator_nonce\" value=\"32652daac9\" \/><input type=\"hidden\" name=\"_wp_http_referer\" value=\"\/en\/wp-json\/wp\/v2\/pages\/20\" \/><input type=\"hidden\" name=\"form_id\" value=\"366\"><input type=\"hidden\" name=\"page_id\" value=\"20\"><input type=\"hidden\" name=\"form_type\" value=\"default\"><input type=\"hidden\" name=\"current_url\" value=\"http:\/\/laveglia-portovecchio.com\/en\/wp-json\/wp\/v2\/pages\/20\/\"><input type=\"hidden\" name=\"render_id\" value=\"0\"><input type=\"hidden\" name=\"action\" value=\"forminator_submit_form_custom-forms\"><input type=\"text\" style=\"display:none !important; visibility:hidden !important;\" name=\"input_5\" value=\"\"><input type=\"hidden\" name=\"trp-form-language\" value=\"en\"\/><\/form><\/div>\n                <\/div>\n              <\/div>\n            <\/div>\n          <\/div>\n        <\/div>\n      <\/div>\n    <\/div>\n  <\/div>\n<\/div>","protected":false},"excerpt":{"rendered":"<p> Pour plus d&rsquo;informations, n&rsquo;h\u00e9sitez \u00e0 contacter Thomas par t\u00e9l\u00e9phone au 06 80 35 16 86 ou avec l&rsquo;adresse email : contact@laveglia-portovecchio.com. Vous pouvez aussi utiliser le formulaire ci-dessous :<\/p>","protected":false},"author":1,"featured_media":0,"parent":0,"menu_order":0,"comment_status":"closed","ping_status":"closed","template":"page-templates\/full-width-page.php","meta":[],"_links":{"self":[{"href":"http:\/\/laveglia-portovecchio.com\/en\/wp-json\/wp\/v2\/pages\/20"}],"collection":[{"href":"http:\/\/laveglia-portovecchio.com\/en\/wp-json\/wp\/v2\/pages"}],"about":[{"href":"http:\/\/laveglia-portovecchio.com\/en\/wp-json\/wp\/v2\/types\/page"}],"author":[{"embeddable":true,"href":"http:\/\/laveglia-portovecchio.com\/en\/wp-json\/wp\/v2\/users\/1"}],"replies":[{"embeddable":true,"href":"http:\/\/laveglia-portovecchio.com\/en\/wp-json\/wp\/v2\/comments?post=20"}],"version-history":[{"count":15,"href":"http:\/\/laveglia-portovecchio.com\/en\/wp-json\/wp\/v2\/pages\/20\/revisions"}],"predecessor-version":[{"id":594,"href":"http:\/\/laveglia-portovecchio.com\/en\/wp-json\/wp\/v2\/pages\/20\/revisions\/594"}],"wp:attachment":[{"href":"http:\/\/laveglia-portovecchio.com\/en\/wp-json\/wp\/v2\/media?parent=20"}],"curies":[{"name":"wp","href":"https:\/\/api.w.org\/{rel}","templated":true}]}}