{"id":50,"date":"2020-06-25T14:15:05","date_gmt":"2020-06-25T12:15:05","guid":{"rendered":"http:\/\/laveglia-portovecchio.com\/colibri-wp\/"},"modified":"2026-03-27T12:22:08","modified_gmt":"2026-03-27T11:22:08","slug":"colibri-wp","status":"publish","type":"page","link":"http:\/\/laveglia-portovecchio.com\/en\/","title":{"rendered":"Front Page"},"content":{"rendered":"<div data-colibri-id=\"50-c1\" class=\"style-195 style-local-50-c1 position-relative\">\n  <!---->\n  <div data-colibri-component=\"section\" data-colibri-id=\"50-c2\" id=\"overlappable\" class=\"h-section h-section-global-spacing d-flex align-items-lg-center align-items-md-center align-items-center style-239 style-local-50-c2 position-relative\">\n    <!---->\n    <!---->\n    <div class=\"h-section-grid-container h-section-boxed-container\">\n      <!---->\n      <div data-colibri-id=\"50-c3\" class=\"h-row-container gutters-row-lg-1 gutters-row-md-1 gutters-row-2 gutters-row-v-lg-1 gutters-row-v-md-1 gutters-row-v-2 style-240 style-local-50-c3 position-relative\">\n        <!---->\n        <div class=\"h-row justify-content-lg-center justify-content-md-center justify-content-center align-items-lg-stretch align-items-md-stretch align-items-stretch gutters-col-lg-1 gutters-col-md-1 gutters-col-2 gutters-col-v-lg-1 gutters-col-v-md-1 gutters-col-v-2\">\n          <!---->\n          <div class=\"h-column h-column-container d-flex h-col-lg-12 h-col-md-12 h-col-12 style-246-outer style-local-50-c4-outer\">\n            <div data-colibri-id=\"50-c4\" class=\"d-flex h-flex-basis h-column__inner h-px-lg-0 h-px-md-0 h-px-0 v-inner-lg-0 v-inner-md-0 v-inner-0 style-246 style-local-50-c4 position-relative\">\n              <!---->\n              <!---->\n              <div class=\"w-100 h-y-container h-column__content h-column__v-align flex-basis-100 align-self-lg-center align-self-md-center align-self-center\">\n                <!---->\n                <div data-colibri-id=\"50-c5\" class=\"h-text h-text-component style-247 style-local-50-c5 position-relative h-element\">\n                  <!---->\n                  <!---->\n                  <div class=\"\">\n                    <p>&nbsp;<\/p>\n                    <p>\n                      <br>\n                    <\/p>\n                    <p>La Veglia offers a beachfront villa with an extraordinary panoramic view of the Gulf of Porto-Vecchio.<\/p>\n                    <p>Ideally located on the southern shore of the Gulf of Porto-Vecchio, this villa for 13 people with its overflowing swimming pool will offer you an idyllic setting to spend a superb holiday on the island of beauty.<\/p>\n                    <p>Its 180\u00b0 panoramic view offers a unique view of the open sea, the Gulf of Porto-Vecchio, as well as the mountains of Bavella.<\/p>\n                    <p>Its overflowing swimming pool, giving the impression of diving into the sea, will refresh you for the hot summer days. The sea is also 500 m away. A small sandy beach awaits you.<\/p>\n                    <p>The villa is built in the typical Corsican style, in plaster and stone wall. La Veglia has all the necessary facilities and comfort to spend a pleasant stay in Corsica.<\/p>\n                    <p>Moreover, Porto-Vecchio is easily accessible with its seaport or by plane. The Figari airport is located 20 minutes from Porto-Vecchio. Daily connections from PARIS, BRUSSELS, MARSEILLE and many other cities.<\/p>\n                    <p>Find on our site many tourist sites to visit near the villa.<\/p>\n                    <p>You will also find all conditions and rates.<\/p>\n                    <p>Between sea and mountains, with family, friends, as a couple, come and relax in this unique setting.<\/p>\n                    <p>We are at your disposal for any further information.<\/p>\n                    <p>Enjoy your visit to our site!<\/p>\n                    <p>\n                      <br>\n                    <\/p>\n                  <\/div>\n                <\/div>\n              <\/div>\n            <\/div>\n          <\/div>\n        <\/div>\n      <\/div>\n    <\/div>\n  <\/div>\n<\/div>","protected":false},"excerpt":{"rendered":"<p>&nbsp; La Veglia propose une villa en bord de mer avec une extraordinaire vue panoramique sur le golfe de Porto-Vecchio. Id\u00e9alement situ\u00e9e sur la rive sud du golfe de Porto-Vecchio, cette villa pour 13 personnes avec sa piscine \u00e0 bord d\u00e9bordant vous offrira un cadre idyllique pour passer de superbe vacances sur l&rsquo;\u00eele de beaut\u00e9. [&hellip;]<\/p>","protected":false},"author":1,"featured_media":0,"parent":0,"menu_order":0,"comment_status":"closed","ping_status":"closed","template":"page-templates\/homepage.php","meta":[],"_links":{"self":[{"href":"http:\/\/laveglia-portovecchio.com\/en\/wp-json\/wp\/v2\/pages\/50"}],"collection":[{"href":"http:\/\/laveglia-portovecchio.com\/en\/wp-json\/wp\/v2\/pages"}],"about":[{"href":"http:\/\/laveglia-portovecchio.com\/en\/wp-json\/wp\/v2\/types\/page"}],"author":[{"embeddable":true,"href":"http:\/\/laveglia-portovecchio.com\/en\/wp-json\/wp\/v2\/users\/1"}],"replies":[{"embeddable":true,"href":"http:\/\/laveglia-portovecchio.com\/en\/wp-json\/wp\/v2\/comments?post=50"}],"version-history":[{"count":20,"href":"http:\/\/laveglia-portovecchio.com\/en\/wp-json\/wp\/v2\/pages\/50\/revisions"}],"predecessor-version":[{"id":701,"href":"http:\/\/laveglia-portovecchio.com\/en\/wp-json\/wp\/v2\/pages\/50\/revisions\/701"}],"wp:attachment":[{"href":"http:\/\/laveglia-portovecchio.com\/en\/wp-json\/wp\/v2\/media?parent=50"}],"curies":[{"name":"wp","href":"https:\/\/api.w.org\/{rel}","templated":true}]}}